{"id":168,"date":"2024-01-19T08:47:05","date_gmt":"2024-01-19T08:47:05","guid":{"rendered":"https:\/\/ksmyszkow.pl\/?page_id=168"},"modified":"2024-02-21T13:45:55","modified_gmt":"2024-02-21T13:45:55","slug":"stadion","status":"publish","type":"page","link":"https:\/\/ksmyszkow.pl\/index.php\/stadion\/","title":{"rendered":"Stadion"},"content":{"rendered":"\n\n  \n    <div id=\"gallery-1518888296\" class=\"row large-columns-4 medium-columns-3 small-columns-2 row-masonry\" data-packery-options='{\"itemSelector\": \".col\", \"gutter\": 0, \"presentageWidth\" : true}'>\n\n          <div class=\"gallery-col col\" >\n          <div class=\"col-inner\">\n            <a class=\"image-lightbox lightbox-gallery\" href=\"https:\/\/ksmyszkow.pl\/wp-content\/uploads\/2024\/01\/stadion_z_lotu_ptaka.jpg\" title=\"Stadion KS Myszk\u00f3w z lotu ptaka\">            <div class=\"box has-hover gallery-box box-bounce\">\n              <div class=\"box-image\" >\n                <img loading=\"lazy\" decoding=\"async\" width=\"300\" height=\"168\" src=\"https:\/\/ksmyszkow.pl\/wp-content\/uploads\/2024\/01\/stadion_z_lotu_ptaka-300x168.jpg\" class=\"attachment-medium size-medium\" alt=\"Stadion KS Myszk\u00f3w z lotu ptaka\" ids=\"174,172,170,171,173\" style=\"bounce\" type=\"masonry\" text_size=\"xlarge\" srcset=\"https:\/\/ksmyszkow.pl\/wp-content\/uploads\/2024\/01\/stadion_z_lotu_ptaka-300x168.jpg 300w, https:\/\/ksmyszkow.pl\/wp-content\/uploads\/2024\/01\/stadion_z_lotu_ptaka.jpg 531w\" sizes=\"auto, (max-width: 300px) 100vw, 300px\" \/>                                                              <\/div>\n              <div class=\"box-text text-left is-xlarge\" >\n                 <p>Stadion KS Myszk\u00f3w z lotu ptaka<\/p>\n              <\/div>\n            <\/div>\n            <\/a>          <\/div>\n         <\/div>\n                 <div class=\"gallery-col col\" >\n          <div class=\"col-inner\">\n            <a class=\"image-lightbox lightbox-gallery\" href=\"https:\/\/ksmyszkow.pl\/wp-content\/uploads\/2024\/01\/trymuny_stadionu_w_myszkowie-1024x678.jpg\" title=\"Trybuny stadionu w Myszkowie\">            <div class=\"box has-hover gallery-box box-bounce\">\n              <div class=\"box-image\" >\n                <img loading=\"lazy\" decoding=\"async\" width=\"300\" height=\"199\" src=\"https:\/\/ksmyszkow.pl\/wp-content\/uploads\/2024\/01\/trymuny_stadionu_w_myszkowie-300x199.jpg\" class=\"attachment-medium size-medium\" alt=\"Trybuny stadionu w Myszkowie\" ids=\"174,172,170,171,173\" style=\"bounce\" type=\"masonry\" text_size=\"xlarge\" srcset=\"https:\/\/ksmyszkow.pl\/wp-content\/uploads\/2024\/01\/trymuny_stadionu_w_myszkowie-300x199.jpg 300w, https:\/\/ksmyszkow.pl\/wp-content\/uploads\/2024\/01\/trymuny_stadionu_w_myszkowie-1024x678.jpg 1024w, https:\/\/ksmyszkow.pl\/wp-content\/uploads\/2024\/01\/trymuny_stadionu_w_myszkowie-768x508.jpg 768w, https:\/\/ksmyszkow.pl\/wp-content\/uploads\/2024\/01\/trymuny_stadionu_w_myszkowie.jpg 1068w\" sizes=\"auto, (max-width: 300px) 100vw, 300px\" \/>                                                              <\/div>\n              <div class=\"box-text text-left is-xlarge\" >\n                 <p>Trybuny stadionu w Myszkowie<\/p>\n              <\/div>\n            <\/div>\n            <\/a>          <\/div>\n         <\/div>\n                 <div class=\"gallery-col col\" >\n          <div class=\"col-inner\">\n            <a class=\"image-lightbox lightbox-gallery\" href=\"https:\/\/ksmyszkow.pl\/wp-content\/uploads\/2024\/01\/stadion_miejski_w_myszkowie.jpg\" title=\"Stadion miejski w Myszkowie z lotu ptaka\">            <div class=\"box has-hover gallery-box box-bounce\">\n              <div class=\"box-image\" >\n                <img loading=\"lazy\" decoding=\"async\" width=\"300\" height=\"157\" src=\"https:\/\/ksmyszkow.pl\/wp-content\/uploads\/2024\/01\/stadion_miejski_w_myszkowie-300x157.jpg\" class=\"attachment-medium size-medium\" alt=\"Stadion miejski w Myszkowie z lotu ptaka\" ids=\"174,172,170,171,173\" style=\"bounce\" type=\"masonry\" text_size=\"xlarge\" srcset=\"https:\/\/ksmyszkow.pl\/wp-content\/uploads\/2024\/01\/stadion_miejski_w_myszkowie-300x157.jpg 300w, https:\/\/ksmyszkow.pl\/wp-content\/uploads\/2024\/01\/stadion_miejski_w_myszkowie-768x402.jpg 768w, https:\/\/ksmyszkow.pl\/wp-content\/uploads\/2024\/01\/stadion_miejski_w_myszkowie.jpg 870w\" sizes=\"auto, (max-width: 300px) 100vw, 300px\" \/>                                                              <\/div>\n              <div class=\"box-text text-left is-xlarge\" >\n                 <p>Stadion miejski w Myszkowie z lotu ptaka<\/p>\n              <\/div>\n            <\/div>\n            <\/a>          <\/div>\n         <\/div>\n                 <div class=\"gallery-col col\" >\n          <div class=\"col-inner\">\n            <a class=\"image-lightbox lightbox-gallery\" href=\"https:\/\/ksmyszkow.pl\/wp-content\/uploads\/2024\/01\/stadion_mosir_myszkow-1024x678.jpg\" title=\"Stadion MOSiR Myszk\u00f3w\">            <div class=\"box has-hover gallery-box box-bounce\">\n              <div class=\"box-image\" >\n                <img loading=\"lazy\" decoding=\"async\" width=\"300\" height=\"199\" src=\"https:\/\/ksmyszkow.pl\/wp-content\/uploads\/2024\/01\/stadion_mosir_myszkow-300x199.jpg\" class=\"attachment-medium size-medium\" alt=\"Stadion MOSiR Myszk\u00f3w\" ids=\"174,172,170,171,173\" style=\"bounce\" type=\"masonry\" text_size=\"xlarge\" srcset=\"https:\/\/ksmyszkow.pl\/wp-content\/uploads\/2024\/01\/stadion_mosir_myszkow-300x199.jpg 300w, https:\/\/ksmyszkow.pl\/wp-content\/uploads\/2024\/01\/stadion_mosir_myszkow-1024x678.jpg 1024w, https:\/\/ksmyszkow.pl\/wp-content\/uploads\/2024\/01\/stadion_mosir_myszkow-768x508.jpg 768w, https:\/\/ksmyszkow.pl\/wp-content\/uploads\/2024\/01\/stadion_mosir_myszkow-1536x1017.jpg 1536w, https:\/\/ksmyszkow.pl\/wp-content\/uploads\/2024\/01\/stadion_mosir_myszkow.jpg 1600w\" sizes=\"auto, (max-width: 300px) 100vw, 300px\" \/>                                                              <\/div>\n              <div class=\"box-text text-left is-xlarge\" >\n                 <p>Stadion MOSiR Myszk\u00f3w<\/p>\n              <\/div>\n            <\/div>\n            <\/a>          <\/div>\n         <\/div>\n                 <div class=\"gallery-col col\" >\n          <div class=\"col-inner\">\n            <a class=\"image-lightbox lightbox-gallery\" href=\"https:\/\/ksmyszkow.pl\/wp-content\/uploads\/2024\/01\/kibice_na_trybunie_na_stadionie_myszkow.jpg\" title=\"Kibice KS Myszk\u00f3w na trybunie\">            <div class=\"box has-hover gallery-box box-bounce\">\n              <div class=\"box-image\" >\n                <img loading=\"lazy\" decoding=\"async\" width=\"300\" height=\"180\" src=\"https:\/\/ksmyszkow.pl\/wp-content\/uploads\/2024\/01\/kibice_na_trybunie_na_stadionie_myszkow-300x180.jpg\" class=\"attachment-medium size-medium\" alt=\"Kibice KS Myszk\u00f3w na trybunie\" ids=\"174,172,170,171,173\" style=\"bounce\" type=\"masonry\" text_size=\"xlarge\" srcset=\"https:\/\/ksmyszkow.pl\/wp-content\/uploads\/2024\/01\/kibice_na_trybunie_na_stadionie_myszkow-300x180.jpg 300w, https:\/\/ksmyszkow.pl\/wp-content\/uploads\/2024\/01\/kibice_na_trybunie_na_stadionie_myszkow-768x460.jpg 768w, https:\/\/ksmyszkow.pl\/wp-content\/uploads\/2024\/01\/kibice_na_trybunie_na_stadionie_myszkow.jpg 1002w\" sizes=\"auto, (max-width: 300px) 100vw, 300px\" \/>                                                              <\/div>\n              <div class=\"box-text text-left is-xlarge\" >\n                 <p>Kibice KS Myszk\u00f3w na trybunie<\/p>\n              <\/div>\n            <\/div>\n            <\/a>          <\/div>\n         <\/div>\n         <\/div>\n\n<div class=\"row\"  id=\"row-1205941503\">\n\n\n\t<div id=\"col-104955339\" class=\"col medium-6 small-12 large-6\"  >\n\t\t<div class=\"col-inner\"  >\n\t\t\t\n\t\t\t\n\n<h3>Dane techniczne stadionu MOSiR w Myszkowie<\/h3>\n<p>pojemno\u015b\u0107 : 780 miejsc (480 siedz\u0105cych)<br \/>o\u015bwietlenie : Brak<br \/>wymiary boiska: 103 m x 68 m<br \/>\nbierznia otaczaj\u0105ca boisko<\/p>\n\n\t\t<\/div>\n\t\t\t<\/div>\n\n\t\n\n\t<div id=\"col-1405435861\" class=\"col medium-6 small-12 large-6\"  >\n\t\t<div class=\"col-inner\"  >\n\t\t\t\n\t\t\t\n\n<h3>Adres:<\/h3>\n<p>ul. Pu\u0142askiego 13B<br \/>42-300 Myszk\u00f3w<\/p>\n\n\t\t<\/div>\n\t\t\t<\/div>\n\n\t\n\n<\/div>\n\n","protected":false},"excerpt":{"rendered":"","protected":false},"author":1,"featured_media":0,"parent":0,"menu_order":0,"comment_status":"closed","ping_status":"closed","template":"","meta":{"footnotes":""},"class_list":["post-168","page","type-page","status-publish","hentry"],"yoast_head":"<!-- This site is optimized with the Yoast SEO plugin v21.8 - https:\/\/yoast.com\/wordpress\/plugins\/seo\/ -->\n<title>Stadion - KS - Myszk\u00f3w<\/title>\n<meta name=\"robots\" content=\"index, follow, max-snippet:-1, max-image-preview:large, max-video-preview:-1\" \/>\n<link rel=\"canonical\" href=\"https:\/\/ksmyszkow.pl\/index.php\/stadion\/\" \/>\n<meta property=\"og:locale\" content=\"pl_PL\" \/>\n<meta property=\"og:type\" content=\"article\" \/>\n<meta property=\"og:title\" content=\"Stadion - KS - Myszk\u00f3w\" \/>\n<meta property=\"og:url\" content=\"https:\/\/ksmyszkow.pl\/index.php\/stadion\/\" \/>\n<meta property=\"og:site_name\" content=\"KS - Myszk\u00f3w\" \/>\n<meta property=\"article:modified_time\" content=\"2024-02-21T13:45:55+00:00\" \/>\n<meta name=\"twitter:card\" content=\"summary_large_image\" \/>\n<meta name=\"twitter:label1\" content=\"Szacowany czas czytania\" \/>\n\t<meta name=\"twitter:data1\" content=\"1 minuta\" \/>\n<script type=\"application\/ld+json\" class=\"yoast-schema-graph\">{\"@context\":\"https:\/\/schema.org\",\"@graph\":[{\"@type\":\"WebPage\",\"@id\":\"https:\/\/ksmyszkow.pl\/index.php\/stadion\/\",\"url\":\"https:\/\/ksmyszkow.pl\/index.php\/stadion\/\",\"name\":\"Stadion - KS - Myszk\u00f3w\",\"isPartOf\":{\"@id\":\"https:\/\/ksmyszkow.pl\/#website\"},\"datePublished\":\"2024-01-19T08:47:05+00:00\",\"dateModified\":\"2024-02-21T13:45:55+00:00\",\"breadcrumb\":{\"@id\":\"https:\/\/ksmyszkow.pl\/index.php\/stadion\/#breadcrumb\"},\"inLanguage\":\"pl-PL\",\"potentialAction\":[{\"@type\":\"ReadAction\",\"target\":[\"https:\/\/ksmyszkow.pl\/index.php\/stadion\/\"]}]},{\"@type\":\"BreadcrumbList\",\"@id\":\"https:\/\/ksmyszkow.pl\/index.php\/stadion\/#breadcrumb\",\"itemListElement\":[{\"@type\":\"ListItem\",\"position\":1,\"name\":\"Strona g\u0142\u00f3wna\",\"item\":\"https:\/\/ksmyszkow.pl\/\"},{\"@type\":\"ListItem\",\"position\":2,\"name\":\"Stadion\"}]},{\"@type\":\"WebSite\",\"@id\":\"https:\/\/ksmyszkow.pl\/#website\",\"url\":\"https:\/\/ksmyszkow.pl\/\",\"name\":\"KS - Myszk\u00f3w\",\"description\":\"Klub pi\u0142karski w Myszkowie\",\"potentialAction\":[{\"@type\":\"SearchAction\",\"target\":{\"@type\":\"EntryPoint\",\"urlTemplate\":\"https:\/\/ksmyszkow.pl\/?s={search_term_string}\"},\"query-input\":\"required name=search_term_string\"}],\"inLanguage\":\"pl-PL\"}]}<\/script>\n<!-- \/ Yoast SEO plugin. -->","yoast_head_json":{"title":"Stadion - KS - Myszk\u00f3w","robots":{"index":"index","follow":"follow","max-snippet":"max-snippet:-1","max-image-preview":"max-image-preview:large","max-video-preview":"max-video-preview:-1"},"canonical":"https:\/\/ksmyszkow.pl\/index.php\/stadion\/","og_locale":"pl_PL","og_type":"article","og_title":"Stadion - KS - Myszk\u00f3w","og_url":"https:\/\/ksmyszkow.pl\/index.php\/stadion\/","og_site_name":"KS - Myszk\u00f3w","article_modified_time":"2024-02-21T13:45:55+00:00","twitter_card":"summary_large_image","twitter_misc":{"Szacowany czas czytania":"1 minuta"},"schema":{"@context":"https:\/\/schema.org","@graph":[{"@type":"WebPage","@id":"https:\/\/ksmyszkow.pl\/index.php\/stadion\/","url":"https:\/\/ksmyszkow.pl\/index.php\/stadion\/","name":"Stadion - KS - Myszk\u00f3w","isPartOf":{"@id":"https:\/\/ksmyszkow.pl\/#website"},"datePublished":"2024-01-19T08:47:05+00:00","dateModified":"2024-02-21T13:45:55+00:00","breadcrumb":{"@id":"https:\/\/ksmyszkow.pl\/index.php\/stadion\/#breadcrumb"},"inLanguage":"pl-PL","potentialAction":[{"@type":"ReadAction","target":["https:\/\/ksmyszkow.pl\/index.php\/stadion\/"]}]},{"@type":"BreadcrumbList","@id":"https:\/\/ksmyszkow.pl\/index.php\/stadion\/#breadcrumb","itemListElement":[{"@type":"ListItem","position":1,"name":"Strona g\u0142\u00f3wna","item":"https:\/\/ksmyszkow.pl\/"},{"@type":"ListItem","position":2,"name":"Stadion"}]},{"@type":"WebSite","@id":"https:\/\/ksmyszkow.pl\/#website","url":"https:\/\/ksmyszkow.pl\/","name":"KS - Myszk\u00f3w","description":"Klub pi\u0142karski w Myszkowie","potentialAction":[{"@type":"SearchAction","target":{"@type":"EntryPoint","urlTemplate":"https:\/\/ksmyszkow.pl\/?s={search_term_string}"},"query-input":"required name=search_term_string"}],"inLanguage":"pl-PL"}]}},"_links":{"self":[{"href":"https:\/\/ksmyszkow.pl\/index.php\/wp-json\/wp\/v2\/pages\/168","targetHints":{"allow":["GET"]}}],"collection":[{"href":"https:\/\/ksmyszkow.pl\/index.php\/wp-json\/wp\/v2\/pages"}],"about":[{"href":"https:\/\/ksmyszkow.pl\/index.php\/wp-json\/wp\/v2\/types\/page"}],"author":[{"embeddable":true,"href":"https:\/\/ksmyszkow.pl\/index.php\/wp-json\/wp\/v2\/users\/1"}],"replies":[{"embeddable":true,"href":"https:\/\/ksmyszkow.pl\/index.php\/wp-json\/wp\/v2\/comments?post=168"}],"version-history":[{"count":13,"href":"https:\/\/ksmyszkow.pl\/index.php\/wp-json\/wp\/v2\/pages\/168\/revisions"}],"predecessor-version":[{"id":320,"href":"https:\/\/ksmyszkow.pl\/index.php\/wp-json\/wp\/v2\/pages\/168\/revisions\/320"}],"wp:attachment":[{"href":"https:\/\/ksmyszkow.pl\/index.php\/wp-json\/wp\/v2\/media?parent=168"}],"curies":[{"name":"wp","href":"https:\/\/api.w.org\/{rel}","templated":true}]}}