{"id":177,"date":"2024-01-19T10:33:35","date_gmt":"2024-01-19T10:33:35","guid":{"rendered":"https:\/\/ksmyszkow.pl\/?page_id=177"},"modified":"2024-01-23T07:58:24","modified_gmt":"2024-01-23T07:58:24","slug":"informacje","status":"publish","type":"page","link":"https:\/\/ksmyszkow.pl\/index.php\/informacje\/","title":{"rendered":"Informacje"},"content":{"rendered":"\n<div class=\"row row-collapse\"  id=\"row-1391959304\">\n\n\n\t<div id=\"col-791649187\" class=\"col medium-6 small-12 large-6\"  >\n\t\t<div class=\"col-inner\"  >\n\t\t\t\n\t\t\t\n\n<h3>Adres siedziby klubu:<\/h3>\n<p>ul. Pu\u0142askiego 13B<br \/>42-300 Myszk\u00f3w<\/p>\n\n\t\t<\/div>\n\t\t\t<\/div>\n\n\t\n\n\t<div id=\"col-267480080\" class=\"col medium-6 small-12 large-6\"  >\n\t\t<div class=\"col-inner\"  >\n\t\t\t\n\t\t\t\n\n<h3>Zarz\u0105d:<\/h3>\n<p><b>W\u0142a\u015bciciel: <\/b>Myszk\u00f3w<br \/><b>Prezes: <\/b>Tadeusz Bartnik<\/p>\n\n\t\t<\/div>\n\t\t\t<\/div>\n\n\t\n\n<\/div>\n<div class=\"row\"  id=\"row-489398282\">\n\n\n\t<div id=\"col-67981726\" class=\"col medium-6 small-12 large-6\"  >\n\t\t<div class=\"col-inner\"  >\n\t\t\t\n\t\t\t\n\n<h3>Stadion:<\/h3>\n<p>Obiekt nale\u017c\u0105cy do MOSiR mog\u0105cy pomie\u015bci\u0107 780 kibic\u00f3w, znajduj\u0105cy si\u0119 przy ulicy Pu\u0142askiego 13B w Myszkowie.<\/p>\n\n\t\t<\/div>\n\t\t\t<\/div>\n\n\t\n\n\t<div id=\"col-426518107\" class=\"col medium-6 small-12 large-6\"  >\n\t\t<div class=\"col-inner\"  >\n\t\t\t\n\t\t\t\n\n\n\t\t<\/div>\n\t\t\t<\/div>\n\n\t\n\n<\/div>\n\n","protected":false},"excerpt":{"rendered":"","protected":false},"author":1,"featured_media":0,"parent":0,"menu_order":0,"comment_status":"closed","ping_status":"closed","template":"","meta":{"footnotes":""},"class_list":["post-177","page","type-page","status-publish","hentry"],"yoast_head":"<!-- This site is optimized with the Yoast SEO plugin v21.8 - https:\/\/yoast.com\/wordpress\/plugins\/seo\/ -->\n<title>Informacje - KS - Myszk\u00f3w<\/title>\n<meta name=\"robots\" content=\"index, follow, max-snippet:-1, max-image-preview:large, max-video-preview:-1\" \/>\n<link rel=\"canonical\" href=\"https:\/\/ksmyszkow.pl\/index.php\/informacje\/\" \/>\n<meta property=\"og:locale\" content=\"pl_PL\" \/>\n<meta property=\"og:type\" content=\"article\" \/>\n<meta property=\"og:title\" content=\"Informacje - KS - Myszk\u00f3w\" \/>\n<meta property=\"og:url\" content=\"https:\/\/ksmyszkow.pl\/index.php\/informacje\/\" \/>\n<meta property=\"og:site_name\" content=\"KS - Myszk\u00f3w\" \/>\n<meta property=\"article:modified_time\" content=\"2024-01-23T07:58:24+00:00\" \/>\n<meta name=\"twitter:card\" content=\"summary_large_image\" \/>\n<script type=\"application\/ld+json\" class=\"yoast-schema-graph\">{\"@context\":\"https:\/\/schema.org\",\"@graph\":[{\"@type\":\"WebPage\",\"@id\":\"https:\/\/ksmyszkow.pl\/index.php\/informacje\/\",\"url\":\"https:\/\/ksmyszkow.pl\/index.php\/informacje\/\",\"name\":\"Informacje - KS - Myszk\u00f3w\",\"isPartOf\":{\"@id\":\"https:\/\/ksmyszkow.pl\/#website\"},\"datePublished\":\"2024-01-19T10:33:35+00:00\",\"dateModified\":\"2024-01-23T07:58:24+00:00\",\"breadcrumb\":{\"@id\":\"https:\/\/ksmyszkow.pl\/index.php\/informacje\/#breadcrumb\"},\"inLanguage\":\"pl-PL\",\"potentialAction\":[{\"@type\":\"ReadAction\",\"target\":[\"https:\/\/ksmyszkow.pl\/index.php\/informacje\/\"]}]},{\"@type\":\"BreadcrumbList\",\"@id\":\"https:\/\/ksmyszkow.pl\/index.php\/informacje\/#breadcrumb\",\"itemListElement\":[{\"@type\":\"ListItem\",\"position\":1,\"name\":\"Strona g\u0142\u00f3wna\",\"item\":\"https:\/\/ksmyszkow.pl\/\"},{\"@type\":\"ListItem\",\"position\":2,\"name\":\"Informacje\"}]},{\"@type\":\"WebSite\",\"@id\":\"https:\/\/ksmyszkow.pl\/#website\",\"url\":\"https:\/\/ksmyszkow.pl\/\",\"name\":\"KS - Myszk\u00f3w\",\"description\":\"Klub pi\u0142karski w Myszkowie\",\"potentialAction\":[{\"@type\":\"SearchAction\",\"target\":{\"@type\":\"EntryPoint\",\"urlTemplate\":\"https:\/\/ksmyszkow.pl\/?s={search_term_string}\"},\"query-input\":\"required name=search_term_string\"}],\"inLanguage\":\"pl-PL\"}]}<\/script>\n<!-- \/ Yoast SEO plugin. -->","yoast_head_json":{"title":"Informacje - KS - Myszk\u00f3w","robots":{"index":"index","follow":"follow","max-snippet":"max-snippet:-1","max-image-preview":"max-image-preview:large","max-video-preview":"max-video-preview:-1"},"canonical":"https:\/\/ksmyszkow.pl\/index.php\/informacje\/","og_locale":"pl_PL","og_type":"article","og_title":"Informacje - KS - Myszk\u00f3w","og_url":"https:\/\/ksmyszkow.pl\/index.php\/informacje\/","og_site_name":"KS - Myszk\u00f3w","article_modified_time":"2024-01-23T07:58:24+00:00","twitter_card":"summary_large_image","schema":{"@context":"https:\/\/schema.org","@graph":[{"@type":"WebPage","@id":"https:\/\/ksmyszkow.pl\/index.php\/informacje\/","url":"https:\/\/ksmyszkow.pl\/index.php\/informacje\/","name":"Informacje - KS - Myszk\u00f3w","isPartOf":{"@id":"https:\/\/ksmyszkow.pl\/#website"},"datePublished":"2024-01-19T10:33:35+00:00","dateModified":"2024-01-23T07:58:24+00:00","breadcrumb":{"@id":"https:\/\/ksmyszkow.pl\/index.php\/informacje\/#breadcrumb"},"inLanguage":"pl-PL","potentialAction":[{"@type":"ReadAction","target":["https:\/\/ksmyszkow.pl\/index.php\/informacje\/"]}]},{"@type":"BreadcrumbList","@id":"https:\/\/ksmyszkow.pl\/index.php\/informacje\/#breadcrumb","itemListElement":[{"@type":"ListItem","position":1,"name":"Strona g\u0142\u00f3wna","item":"https:\/\/ksmyszkow.pl\/"},{"@type":"ListItem","position":2,"name":"Informacje"}]},{"@type":"WebSite","@id":"https:\/\/ksmyszkow.pl\/#website","url":"https:\/\/ksmyszkow.pl\/","name":"KS - Myszk\u00f3w","description":"Klub pi\u0142karski w Myszkowie","potentialAction":[{"@type":"SearchAction","target":{"@type":"EntryPoint","urlTemplate":"https:\/\/ksmyszkow.pl\/?s={search_term_string}"},"query-input":"required name=search_term_string"}],"inLanguage":"pl-PL"}]}},"_links":{"self":[{"href":"https:\/\/ksmyszkow.pl\/index.php\/wp-json\/wp\/v2\/pages\/177","targetHints":{"allow":["GET"]}}],"collection":[{"href":"https:\/\/ksmyszkow.pl\/index.php\/wp-json\/wp\/v2\/pages"}],"about":[{"href":"https:\/\/ksmyszkow.pl\/index.php\/wp-json\/wp\/v2\/types\/page"}],"author":[{"embeddable":true,"href":"https:\/\/ksmyszkow.pl\/index.php\/wp-json\/wp\/v2\/users\/1"}],"replies":[{"embeddable":true,"href":"https:\/\/ksmyszkow.pl\/index.php\/wp-json\/wp\/v2\/comments?post=177"}],"version-history":[{"count":10,"href":"https:\/\/ksmyszkow.pl\/index.php\/wp-json\/wp\/v2\/pages\/177\/revisions"}],"predecessor-version":[{"id":305,"href":"https:\/\/ksmyszkow.pl\/index.php\/wp-json\/wp\/v2\/pages\/177\/revisions\/305"}],"wp:attachment":[{"href":"https:\/\/ksmyszkow.pl\/index.php\/wp-json\/wp\/v2\/media?parent=177"}],"curies":[{"name":"wp","href":"https:\/\/api.w.org\/{rel}","templated":true}]}}