{"id":26,"date":"2024-01-04T12:16:34","date_gmt":"2024-01-04T12:16:34","guid":{"rendered":"https:\/\/ksmyszkow.pl\/?page_id=26"},"modified":"2024-01-04T12:16:35","modified_gmt":"2024-01-04T12:16:35","slug":"sklad-zespolu","status":"publish","type":"page","link":"https:\/\/ksmyszkow.pl\/index.php\/sklad-zespolu\/","title":{"rendered":"Sk\u0142ad zespo\u0142u"},"content":{"rendered":"","protected":false},"excerpt":{"rendered":"","protected":false},"author":1,"featured_media":0,"parent":0,"menu_order":0,"comment_status":"closed","ping_status":"closed","template":"","meta":{"footnotes":""},"class_list":["post-26","page","type-page","status-publish","hentry"],"yoast_head":"<!-- This site is optimized with the Yoast SEO plugin v21.8 - https:\/\/yoast.com\/wordpress\/plugins\/seo\/ -->\n<title>Sk\u0142ad zespo\u0142u - KS - Myszk\u00f3w<\/title>\n<meta name=\"robots\" content=\"index, follow, max-snippet:-1, max-image-preview:large, max-video-preview:-1\" \/>\n<link rel=\"canonical\" href=\"https:\/\/ksmyszkow.pl\/index.php\/sklad-zespolu\/\" \/>\n<meta property=\"og:locale\" content=\"pl_PL\" \/>\n<meta property=\"og:type\" content=\"article\" \/>\n<meta property=\"og:title\" content=\"Sk\u0142ad zespo\u0142u - KS - Myszk\u00f3w\" \/>\n<meta property=\"og:url\" content=\"https:\/\/ksmyszkow.pl\/index.php\/sklad-zespolu\/\" \/>\n<meta property=\"og:site_name\" content=\"KS - Myszk\u00f3w\" \/>\n<meta property=\"article:modified_time\" content=\"2024-01-04T12:16:35+00:00\" \/>\n<meta name=\"twitter:card\" content=\"summary_large_image\" \/>\n<script type=\"application\/ld+json\" class=\"yoast-schema-graph\">{\"@context\":\"https:\/\/schema.org\",\"@graph\":[{\"@type\":\"WebPage\",\"@id\":\"https:\/\/ksmyszkow.pl\/index.php\/sklad-zespolu\/\",\"url\":\"https:\/\/ksmyszkow.pl\/index.php\/sklad-zespolu\/\",\"name\":\"Sk\u0142ad zespo\u0142u - KS - Myszk\u00f3w\",\"isPartOf\":{\"@id\":\"https:\/\/ksmyszkow.pl\/#website\"},\"datePublished\":\"2024-01-04T12:16:34+00:00\",\"dateModified\":\"2024-01-04T12:16:35+00:00\",\"breadcrumb\":{\"@id\":\"https:\/\/ksmyszkow.pl\/index.php\/sklad-zespolu\/#breadcrumb\"},\"inLanguage\":\"pl-PL\",\"potentialAction\":[{\"@type\":\"ReadAction\",\"target\":[\"https:\/\/ksmyszkow.pl\/index.php\/sklad-zespolu\/\"]}]},{\"@type\":\"BreadcrumbList\",\"@id\":\"https:\/\/ksmyszkow.pl\/index.php\/sklad-zespolu\/#breadcrumb\",\"itemListElement\":[{\"@type\":\"ListItem\",\"position\":1,\"name\":\"Strona g\u0142\u00f3wna\",\"item\":\"https:\/\/ksmyszkow.pl\/\"},{\"@type\":\"ListItem\",\"position\":2,\"name\":\"Sk\u0142ad zespo\u0142u\"}]},{\"@type\":\"WebSite\",\"@id\":\"https:\/\/ksmyszkow.pl\/#website\",\"url\":\"https:\/\/ksmyszkow.pl\/\",\"name\":\"KS - Myszk\u00f3w\",\"description\":\"Klub pi\u0142karski w Myszkowie\",\"potentialAction\":[{\"@type\":\"SearchAction\",\"target\":{\"@type\":\"EntryPoint\",\"urlTemplate\":\"https:\/\/ksmyszkow.pl\/?s={search_term_string}\"},\"query-input\":\"required name=search_term_string\"}],\"inLanguage\":\"pl-PL\"}]}<\/script>\n<!-- \/ Yoast SEO plugin. -->","yoast_head_json":{"title":"Sk\u0142ad zespo\u0142u - KS - Myszk\u00f3w","robots":{"index":"index","follow":"follow","max-snippet":"max-snippet:-1","max-image-preview":"max-image-preview:large","max-video-preview":"max-video-preview:-1"},"canonical":"https:\/\/ksmyszkow.pl\/index.php\/sklad-zespolu\/","og_locale":"pl_PL","og_type":"article","og_title":"Sk\u0142ad zespo\u0142u - KS - Myszk\u00f3w","og_url":"https:\/\/ksmyszkow.pl\/index.php\/sklad-zespolu\/","og_site_name":"KS - Myszk\u00f3w","article_modified_time":"2024-01-04T12:16:35+00:00","twitter_card":"summary_large_image","schema":{"@context":"https:\/\/schema.org","@graph":[{"@type":"WebPage","@id":"https:\/\/ksmyszkow.pl\/index.php\/sklad-zespolu\/","url":"https:\/\/ksmyszkow.pl\/index.php\/sklad-zespolu\/","name":"Sk\u0142ad zespo\u0142u - KS - Myszk\u00f3w","isPartOf":{"@id":"https:\/\/ksmyszkow.pl\/#website"},"datePublished":"2024-01-04T12:16:34+00:00","dateModified":"2024-01-04T12:16:35+00:00","breadcrumb":{"@id":"https:\/\/ksmyszkow.pl\/index.php\/sklad-zespolu\/#breadcrumb"},"inLanguage":"pl-PL","potentialAction":[{"@type":"ReadAction","target":["https:\/\/ksmyszkow.pl\/index.php\/sklad-zespolu\/"]}]},{"@type":"BreadcrumbList","@id":"https:\/\/ksmyszkow.pl\/index.php\/sklad-zespolu\/#breadcrumb","itemListElement":[{"@type":"ListItem","position":1,"name":"Strona g\u0142\u00f3wna","item":"https:\/\/ksmyszkow.pl\/"},{"@type":"ListItem","position":2,"name":"Sk\u0142ad zespo\u0142u"}]},{"@type":"WebSite","@id":"https:\/\/ksmyszkow.pl\/#website","url":"https:\/\/ksmyszkow.pl\/","name":"KS - Myszk\u00f3w","description":"Klub pi\u0142karski w Myszkowie","potentialAction":[{"@type":"SearchAction","target":{"@type":"EntryPoint","urlTemplate":"https:\/\/ksmyszkow.pl\/?s={search_term_string}"},"query-input":"required name=search_term_string"}],"inLanguage":"pl-PL"}]}},"_links":{"self":[{"href":"https:\/\/ksmyszkow.pl\/index.php\/wp-json\/wp\/v2\/pages\/26","targetHints":{"allow":["GET"]}}],"collection":[{"href":"https:\/\/ksmyszkow.pl\/index.php\/wp-json\/wp\/v2\/pages"}],"about":[{"href":"https:\/\/ksmyszkow.pl\/index.php\/wp-json\/wp\/v2\/types\/page"}],"author":[{"embeddable":true,"href":"https:\/\/ksmyszkow.pl\/index.php\/wp-json\/wp\/v2\/users\/1"}],"replies":[{"embeddable":true,"href":"https:\/\/ksmyszkow.pl\/index.php\/wp-json\/wp\/v2\/comments?post=26"}],"version-history":[{"count":1,"href":"https:\/\/ksmyszkow.pl\/index.php\/wp-json\/wp\/v2\/pages\/26\/revisions"}],"predecessor-version":[{"id":27,"href":"https:\/\/ksmyszkow.pl\/index.php\/wp-json\/wp\/v2\/pages\/26\/revisions\/27"}],"wp:attachment":[{"href":"https:\/\/ksmyszkow.pl\/index.php\/wp-json\/wp\/v2\/media?parent=26"}],"curies":[{"name":"wp","href":"https:\/\/api.w.org\/{rel}","templated":true}]}}