{"id":30,"date":"2024-01-04T12:17:13","date_gmt":"2024-01-04T12:17:13","guid":{"rendered":"https:\/\/ksmyszkow.pl\/?page_id=30"},"modified":"2024-02-27T15:06:47","modified_gmt":"2024-02-27T15:06:47","slug":"harmonogram-spotkan","status":"publish","type":"page","link":"https:\/\/ksmyszkow.pl\/index.php\/harmonogram-spotkan\/","title":{"rendered":"Harmonogram spotka\u0144"},"content":{"rendered":"\n<div class=\"row row-collapse\"  id=\"row-367889860\">\n\n\n\t<div id=\"col-1469986934\" class=\"col medium-6 small-12 large-6\"  >\n\t\t<div class=\"col-inner\"  >\n\t\t\t\n\t\t\t\n\n<h3>Mecze kobiet<\/h3>\n\t<div class=\"img has-hover x md-x lg-x y md-y lg-y\" id=\"image_1020844329\">\n\t\t\t\t\t\t\t\t<div class=\"img-inner dark\" >\n\t\t\t<img loading=\"lazy\" decoding=\"async\" width=\"1020\" height=\"574\" src=\"https:\/\/ksmyszkow.pl\/wp-content\/uploads\/2024\/01\/Mecze-1024x576.jpg\" class=\"attachment-large size-large\" alt=\"\" srcset=\"https:\/\/ksmyszkow.pl\/wp-content\/uploads\/2024\/01\/Mecze-1024x576.jpg 1024w, https:\/\/ksmyszkow.pl\/wp-content\/uploads\/2024\/01\/Mecze-300x169.jpg 300w, https:\/\/ksmyszkow.pl\/wp-content\/uploads\/2024\/01\/Mecze-768x432.jpg 768w, https:\/\/ksmyszkow.pl\/wp-content\/uploads\/2024\/01\/Mecze-1536x864.jpg 1536w, https:\/\/ksmyszkow.pl\/wp-content\/uploads\/2024\/01\/Mecze.jpg 1599w\" sizes=\"auto, (max-width: 1020px) 100vw, 1020px\" \/>\t\t\t\t\t\t\n\t\t\t\t\t\t\t<div class=\"caption\">Harmonogram meczy kobiet<\/div>\n\t\t\t\t\t<\/div>\n\t\t\t\t\t\t\t\t\n<style>\n#image_1020844329 {\n  width: 100%;\n}\n<\/style>\n\t<\/div>\n\t\n\n\n\t\t<\/div>\n\t\t\t<\/div>\n\n\t\n\n\t<div id=\"col-973109264\" class=\"col medium-6 small-12 large-6\"  >\n\t\t<div class=\"col-inner\"  >\n\t\t\t\n\t\t\t\n\n<h3>Mecze m\u0119\u017cczyzn<\/h3>\n\t<div class=\"img has-hover x md-x lg-x y md-y lg-y\" id=\"image_2038313910\">\n\t\t\t\t\t\t\t\t<div class=\"img-inner dark\" >\n\t\t\t<img loading=\"lazy\" decoding=\"async\" width=\"1020\" height=\"574\" src=\"https:\/\/ksmyszkow.pl\/wp-content\/uploads\/2024\/01\/MeczeM-1024x576.jpg\" class=\"attachment-large size-large\" alt=\"\" srcset=\"https:\/\/ksmyszkow.pl\/wp-content\/uploads\/2024\/01\/MeczeM-1024x576.jpg 1024w, https:\/\/ksmyszkow.pl\/wp-content\/uploads\/2024\/01\/MeczeM-300x169.jpg 300w, https:\/\/ksmyszkow.pl\/wp-content\/uploads\/2024\/01\/MeczeM-768x432.jpg 768w, https:\/\/ksmyszkow.pl\/wp-content\/uploads\/2024\/01\/MeczeM-1536x864.jpg 1536w, https:\/\/ksmyszkow.pl\/wp-content\/uploads\/2024\/01\/MeczeM.jpg 1599w\" sizes=\"auto, (max-width: 1020px) 100vw, 1020px\" \/>\t\t\t\t\t\t\t<div class=\"overlay\" style=\"background-color: rgba(255, 255, 255, 0)\"><\/div>\n\t\t\t\t\t\t\n\t\t\t\t\t<\/div>\n\t\t\t\t\t\t\t\t\n<style>\n#image_2038313910 {\n  width: 100%;\n}\n<\/style>\n\t<\/div>\n\t\n\n\n\t\t<\/div>\n\t\t\t<\/div>\n\n\t\n\n<\/div>\n<p>\u0179r\u00f3d\u0142o: <a href=\"https:\/\/www.facebook.com\/people\/Myszkowski-Klub-Sportowy-MKS-Myszk%C3%B3w\/100057439398563\/\" style=\"color:lightblue;\">Oficjalna strona na Facebook&#8217;u<\/a><\/p>\n\n","protected":false},"excerpt":{"rendered":"","protected":false},"author":1,"featured_media":0,"parent":0,"menu_order":0,"comment_status":"closed","ping_status":"closed","template":"","meta":{"footnotes":""},"class_list":["post-30","page","type-page","status-publish","hentry"],"yoast_head":"<!-- This site is optimized with the Yoast SEO plugin v21.8 - https:\/\/yoast.com\/wordpress\/plugins\/seo\/ -->\n<title>Harmonogram spotka\u0144 - KS - Myszk\u00f3w<\/title>\n<meta name=\"robots\" content=\"index, follow, max-snippet:-1, max-image-preview:large, max-video-preview:-1\" \/>\n<link rel=\"canonical\" href=\"https:\/\/ksmyszkow.pl\/index.php\/harmonogram-spotkan\/\" \/>\n<meta property=\"og:locale\" content=\"pl_PL\" \/>\n<meta property=\"og:type\" content=\"article\" \/>\n<meta property=\"og:title\" content=\"Harmonogram spotka\u0144 - KS - Myszk\u00f3w\" \/>\n<meta property=\"og:url\" content=\"https:\/\/ksmyszkow.pl\/index.php\/harmonogram-spotkan\/\" \/>\n<meta property=\"og:site_name\" content=\"KS - Myszk\u00f3w\" \/>\n<meta property=\"article:modified_time\" content=\"2024-02-27T15:06:47+00:00\" \/>\n<meta name=\"twitter:card\" content=\"summary_large_image\" \/>\n<meta name=\"twitter:label1\" content=\"Szacowany czas czytania\" \/>\n\t<meta name=\"twitter:data1\" content=\"1 minuta\" \/>\n<script type=\"application\/ld+json\" class=\"yoast-schema-graph\">{\"@context\":\"https:\/\/schema.org\",\"@graph\":[{\"@type\":\"WebPage\",\"@id\":\"https:\/\/ksmyszkow.pl\/index.php\/harmonogram-spotkan\/\",\"url\":\"https:\/\/ksmyszkow.pl\/index.php\/harmonogram-spotkan\/\",\"name\":\"Harmonogram spotka\u0144 - KS - Myszk\u00f3w\",\"isPartOf\":{\"@id\":\"https:\/\/ksmyszkow.pl\/#website\"},\"datePublished\":\"2024-01-04T12:17:13+00:00\",\"dateModified\":\"2024-02-27T15:06:47+00:00\",\"breadcrumb\":{\"@id\":\"https:\/\/ksmyszkow.pl\/index.php\/harmonogram-spotkan\/#breadcrumb\"},\"inLanguage\":\"pl-PL\",\"potentialAction\":[{\"@type\":\"ReadAction\",\"target\":[\"https:\/\/ksmyszkow.pl\/index.php\/harmonogram-spotkan\/\"]}]},{\"@type\":\"BreadcrumbList\",\"@id\":\"https:\/\/ksmyszkow.pl\/index.php\/harmonogram-spotkan\/#breadcrumb\",\"itemListElement\":[{\"@type\":\"ListItem\",\"position\":1,\"name\":\"Strona g\u0142\u00f3wna\",\"item\":\"https:\/\/ksmyszkow.pl\/\"},{\"@type\":\"ListItem\",\"position\":2,\"name\":\"Harmonogram spotka\u0144\"}]},{\"@type\":\"WebSite\",\"@id\":\"https:\/\/ksmyszkow.pl\/#website\",\"url\":\"https:\/\/ksmyszkow.pl\/\",\"name\":\"KS - Myszk\u00f3w\",\"description\":\"Klub pi\u0142karski w Myszkowie\",\"potentialAction\":[{\"@type\":\"SearchAction\",\"target\":{\"@type\":\"EntryPoint\",\"urlTemplate\":\"https:\/\/ksmyszkow.pl\/?s={search_term_string}\"},\"query-input\":\"required name=search_term_string\"}],\"inLanguage\":\"pl-PL\"}]}<\/script>\n<!-- \/ Yoast SEO plugin. -->","yoast_head_json":{"title":"Harmonogram spotka\u0144 - KS - Myszk\u00f3w","robots":{"index":"index","follow":"follow","max-snippet":"max-snippet:-1","max-image-preview":"max-image-preview:large","max-video-preview":"max-video-preview:-1"},"canonical":"https:\/\/ksmyszkow.pl\/index.php\/harmonogram-spotkan\/","og_locale":"pl_PL","og_type":"article","og_title":"Harmonogram spotka\u0144 - KS - Myszk\u00f3w","og_url":"https:\/\/ksmyszkow.pl\/index.php\/harmonogram-spotkan\/","og_site_name":"KS - Myszk\u00f3w","article_modified_time":"2024-02-27T15:06:47+00:00","twitter_card":"summary_large_image","twitter_misc":{"Szacowany czas czytania":"1 minuta"},"schema":{"@context":"https:\/\/schema.org","@graph":[{"@type":"WebPage","@id":"https:\/\/ksmyszkow.pl\/index.php\/harmonogram-spotkan\/","url":"https:\/\/ksmyszkow.pl\/index.php\/harmonogram-spotkan\/","name":"Harmonogram spotka\u0144 - KS - Myszk\u00f3w","isPartOf":{"@id":"https:\/\/ksmyszkow.pl\/#website"},"datePublished":"2024-01-04T12:17:13+00:00","dateModified":"2024-02-27T15:06:47+00:00","breadcrumb":{"@id":"https:\/\/ksmyszkow.pl\/index.php\/harmonogram-spotkan\/#breadcrumb"},"inLanguage":"pl-PL","potentialAction":[{"@type":"ReadAction","target":["https:\/\/ksmyszkow.pl\/index.php\/harmonogram-spotkan\/"]}]},{"@type":"BreadcrumbList","@id":"https:\/\/ksmyszkow.pl\/index.php\/harmonogram-spotkan\/#breadcrumb","itemListElement":[{"@type":"ListItem","position":1,"name":"Strona g\u0142\u00f3wna","item":"https:\/\/ksmyszkow.pl\/"},{"@type":"ListItem","position":2,"name":"Harmonogram spotka\u0144"}]},{"@type":"WebSite","@id":"https:\/\/ksmyszkow.pl\/#website","url":"https:\/\/ksmyszkow.pl\/","name":"KS - Myszk\u00f3w","description":"Klub pi\u0142karski w Myszkowie","potentialAction":[{"@type":"SearchAction","target":{"@type":"EntryPoint","urlTemplate":"https:\/\/ksmyszkow.pl\/?s={search_term_string}"},"query-input":"required name=search_term_string"}],"inLanguage":"pl-PL"}]}},"_links":{"self":[{"href":"https:\/\/ksmyszkow.pl\/index.php\/wp-json\/wp\/v2\/pages\/30","targetHints":{"allow":["GET"]}}],"collection":[{"href":"https:\/\/ksmyszkow.pl\/index.php\/wp-json\/wp\/v2\/pages"}],"about":[{"href":"https:\/\/ksmyszkow.pl\/index.php\/wp-json\/wp\/v2\/types\/page"}],"author":[{"embeddable":true,"href":"https:\/\/ksmyszkow.pl\/index.php\/wp-json\/wp\/v2\/users\/1"}],"replies":[{"embeddable":true,"href":"https:\/\/ksmyszkow.pl\/index.php\/wp-json\/wp\/v2\/comments?post=30"}],"version-history":[{"count":11,"href":"https:\/\/ksmyszkow.pl\/index.php\/wp-json\/wp\/v2\/pages\/30\/revisions"}],"predecessor-version":[{"id":259,"href":"https:\/\/ksmyszkow.pl\/index.php\/wp-json\/wp\/v2\/pages\/30\/revisions\/259"}],"wp:attachment":[{"href":"https:\/\/ksmyszkow.pl\/index.php\/wp-json\/wp\/v2\/media?parent=30"}],"curies":[{"name":"wp","href":"https:\/\/api.w.org\/{rel}","templated":true}]}}