{"id":7,"date":"2024-01-04T11:23:50","date_gmt":"2024-01-04T11:23:50","guid":{"rendered":"https:\/\/ksmyszkow.pl\/?page_id=7"},"modified":"2024-02-26T07:42:39","modified_gmt":"2024-02-26T07:42:39","slug":"strona-glowna","status":"publish","type":"page","link":"https:\/\/ksmyszkow.pl\/","title":{"rendered":"KS Myszk\u00f3w"},"content":{"rendered":"\n\n  <div class=\"banner has-hover\" id=\"banner-2086546881\">\n          <div class=\"banner-inner fill\">\n        <div class=\"banner-bg fill\" >\n            <div class=\"bg fill bg-fill \"><\/div>\n                        <div class=\"overlay\"><\/div>            \n                    <\/div>\n        <div class=\"banner-layers container\">\n            <div class=\"fill banner-link\"><\/div>            \n\n   <div id=\"text-box-124005810\" class=\"text-box banner-layer x50 md-x50 lg-x50 y10 md-y10 lg-y10 res-text\">\n                                <div class=\"text-box-content text dark\">\n              \n              <div class=\"text-inner text-center\">\n                  \n\n<h1 class=\"uppercase grad\">Klub sportowy Myszk\u00f3w<\/h1>\n<h4 class=\"grad\">DUMA MYSZKOWA<\/h4>\n<style>\n.grad{background-color: #ffffff;background-image: linear-gradient(90deg, #ffffff 40%, #0065ea);background-size: 100%;-webkit-background-clip: text;-moz-background-clip: text;-webkit-text-fill-color: transparent;-moz-text-fill-color: transparent;\n}\n<\/style>\n\n              <\/div>\n           <\/div>\n                            \n<style>\n#text-box-124005810 {\n  width: 86%;\n}\n#text-box-124005810 .text-box-content {\n  font-size: 100%;\n}\n<\/style>\n    <\/div>\n \n   <div id=\"text-box-1752606621\" class=\"text-box banner-layer x95 md-x95 lg-x95 y80 md-y80 lg-y80 res-text\">\n                                <div class=\"text-box-content text box-shadow-2 box-shadow-5-hover dark\">\n              \n              <div class=\"text-inner text-center\">\n                  \n\n<a href=\"\/index.php\/historia\/\" target=\"_self\" class=\"button white is-underline grad\"  >\n    <span>Czytaj wi\u0119cej<\/span>\n  <\/a>\n\n\n\n              <\/div>\n           <\/div>\n                            \n<style>\n#text-box-1752606621 .text-box-content {\n  background-color: rgba(27, 66, 255, 0.221);\n  border-radius: 10px;\n  font-size: 100%;\n}\n#text-box-1752606621 {\n  width: 12%;\n}\n<\/style>\n    <\/div>\n \n\n        <\/div>\n      <\/div>\n\n            \n<style>\n#banner-2086546881 {\n  padding-top: 500px;\n}\n#banner-2086546881 .bg.bg-loaded {\n  background-image: url(https:\/\/ksmyszkow.pl\/wp-content\/uploads\/2024\/01\/flaga.jpg);\n}\n#banner-2086546881 .overlay {\n  background-color: rgba(0, 0, 0, 0.17);\n}\n#banner-2086546881 .bg {\n  background-position: 9% 43%;\n}\n<\/style>\n  <\/div>\n\n\n<div class=\"container section-title-container\" ><h1 class=\"section-title section-title-normal\"><b><\/b><span class=\"section-title-main\" style=\"color:rgb(255, 255, 255);\">Aktualn\u015bci<\/span><b><\/b><\/h1><\/div>\n\n\n\n  \n    <div class=\"row large-columns-3 medium-columns- small-columns-1 row-xsmall row-full-width\">\n  \t\t<div class=\"col post-item\" >\n\t\t\t<div class=\"col-inner\">\n\t\t\t<a href=\"https:\/\/ksmyszkow.pl\/index.php\/2024\/01\/03\/263\/\" class=\"plain\">\n\t\t\t\t<div class=\"box box-default box-text-bottom box-blog-post has-hover\">\n            \t\t\t\t\t<div class=\"box-image\" >\n  \t\t\t\t\t\t<div class=\"image-zoom-fade image-cover\" style=\"padding-top:75%;\">\n  \t\t\t\t\t\t\t<img loading=\"lazy\" decoding=\"async\" width=\"768\" height=\"1024\" src=\"https:\/\/ksmyszkow.pl\/wp-content\/uploads\/2024\/01\/nowe_stroje_ks_myszkow.jpg\" class=\"attachment-large size-large wp-post-image\" alt=\"Nowe stroje KS Myszk\u00f3w\" srcset=\"https:\/\/ksmyszkow.pl\/wp-content\/uploads\/2024\/01\/nowe_stroje_ks_myszkow.jpg 768w, https:\/\/ksmyszkow.pl\/wp-content\/uploads\/2024\/01\/nowe_stroje_ks_myszkow-225x300.jpg 225w\" sizes=\"auto, (max-width: 768px) 100vw, 768px\" \/>  \t\t\t\t\t\t\t  \t\t\t\t\t\t\t  \t\t\t\t\t\t<\/div>\n  \t\t\t\t\t\t  \t\t\t\t\t<\/div>\n          \t\t\t\t\t<div class=\"box-text text-center is-large dark\" style=\"background-color:rgba(34, 34, 34, 0.68);padding:0px 0px 0px 0px;\">\n\t\t\t\t\t<div class=\"box-text-inner blog-post-inner\">\n\n\t\t\t\t\t\n\t\t\t\t\t\t\t\t\t\t<h5 class=\"post-title is-xxsmall \"><\/h5>\n\t\t\t\t\t\t\t\t\t\t<div class=\"is-divider\"><\/div>\n\t\t\t\t\t\t\t\t\t\t<p class=\"from_the_blog_excerpt \">Zarz\u0105d klubu serdecznie dzi\u0119kuj\u0119 za sfinansowanie stroj\u00f3w dla dru\u017cyny trampkarzy oraz wsparcie naszej akademii:Myszk\u00f3w rozwija [...]\t\t\t\t\t<\/p>\n\t\t\t\t\t                    \n\t\t\t\t\t\n\t\t\t\t\t\n\t\t\t\t\t<\/div>\n\t\t\t\t\t<\/div>\n\t\t\t\t\t\t\t\t\t\t\t\t\t\t\t\t<div class=\"badge absolute top post-date badge-outline\">\n\t\t\t\t\t\t\t<div class=\"badge-inner\">\n\t\t\t\t\t\t\t\t<span class=\"post-date-day\">03<\/span><br>\n\t\t\t\t\t\t\t\t<span class=\"post-date-month is-xsmall\">sty<\/span>\n\t\t\t\t\t\t\t<\/div>\n\t\t\t\t\t\t<\/div>\n\t\t\t\t\t\t\t\t\t<\/div>\n\t\t\t\t<\/a>\n\t\t\t<\/div>\n\t\t<\/div>\n<\/div>\n\n\n","protected":false},"excerpt":{"rendered":"","protected":false},"author":1,"featured_media":0,"parent":0,"menu_order":0,"comment_status":"closed","ping_status":"closed","template":"","meta":{"footnotes":""},"class_list":["post-7","page","type-page","status-publish","hentry"],"yoast_head":"<!-- This site is optimized with the Yoast SEO plugin v21.8 - https:\/\/yoast.com\/wordpress\/plugins\/seo\/ -->\n<title>KS Myszk\u00f3w - oficjalna strona Klub Sportowy Myszk\u00f3w<\/title>\n<meta name=\"description\" content=\"Witaj na oficjalnej stronie KS Myszk\u00f3w \u2013 dumy sportowej Myszkowa, z histori\u0105 si\u0119gaj\u0105c\u0105 gry na zapleczu ekstraklasy w latach 90. Odkryj nasz\u0105 pasj\u0119 do pi\u0142ki no\u017cnej, aktualno\u015bci, sukcesy i jak mo\u017cesz do\u0142\u0105czy\u0107 do naszej spo\u0142eczno\u015bci.\" \/>\n<meta name=\"robots\" content=\"index, follow, max-snippet:-1, max-image-preview:large, max-video-preview:-1\" \/>\n<link rel=\"canonical\" href=\"https:\/\/ksmyszkow.pl\/\" \/>\n<meta property=\"og:locale\" content=\"pl_PL\" \/>\n<meta property=\"og:type\" content=\"article\" \/>\n<meta property=\"og:title\" content=\"KS Myszk\u00f3w - oficjalna strona Klub Sportowy Myszk\u00f3w\" \/>\n<meta property=\"og:description\" content=\"Witaj na oficjalnej stronie KS Myszk\u00f3w \u2013 dumy sportowej Myszkowa, z histori\u0105 si\u0119gaj\u0105c\u0105 gry na zapleczu ekstraklasy w latach 90. Odkryj nasz\u0105 pasj\u0119 do pi\u0142ki no\u017cnej, aktualno\u015bci, sukcesy i jak mo\u017cesz do\u0142\u0105czy\u0107 do naszej spo\u0142eczno\u015bci.\" \/>\n<meta property=\"og:url\" content=\"https:\/\/ksmyszkow.pl\/\" \/>\n<meta property=\"og:site_name\" content=\"KS - Myszk\u00f3w\" \/>\n<meta property=\"article:modified_time\" content=\"2024-02-26T07:42:39+00:00\" \/>\n<meta property=\"og:image\" content=\"https:\/\/static.xx.fbcdn.net\/images\/emoji.php\/v9\/tb4\/1\/16\/1f38a.png\" \/>\n<meta name=\"twitter:card\" content=\"summary_large_image\" \/>\n<meta name=\"twitter:label1\" content=\"Szacowany czas czytania\" \/>\n\t<meta name=\"twitter:data1\" content=\"4 minuty\" \/>\n<script type=\"application\/ld+json\" class=\"yoast-schema-graph\">{\"@context\":\"https:\/\/schema.org\",\"@graph\":[{\"@type\":\"WebPage\",\"@id\":\"https:\/\/ksmyszkow.pl\/\",\"url\":\"https:\/\/ksmyszkow.pl\/\",\"name\":\"KS Myszk\u00f3w - oficjalna strona Klub Sportowy Myszk\u00f3w\",\"isPartOf\":{\"@id\":\"https:\/\/ksmyszkow.pl\/#website\"},\"datePublished\":\"2024-01-04T11:23:50+00:00\",\"dateModified\":\"2024-02-26T07:42:39+00:00\",\"description\":\"Witaj na oficjalnej stronie KS Myszk\u00f3w \u2013 dumy sportowej Myszkowa, z histori\u0105 si\u0119gaj\u0105c\u0105 gry na zapleczu ekstraklasy w latach 90. Odkryj nasz\u0105 pasj\u0119 do pi\u0142ki no\u017cnej, aktualno\u015bci, sukcesy i jak mo\u017cesz do\u0142\u0105czy\u0107 do naszej spo\u0142eczno\u015bci.\",\"breadcrumb\":{\"@id\":\"https:\/\/ksmyszkow.pl\/#breadcrumb\"},\"inLanguage\":\"pl-PL\",\"potentialAction\":[{\"@type\":\"ReadAction\",\"target\":[\"https:\/\/ksmyszkow.pl\/\"]}]},{\"@type\":\"BreadcrumbList\",\"@id\":\"https:\/\/ksmyszkow.pl\/#breadcrumb\",\"itemListElement\":[{\"@type\":\"ListItem\",\"position\":1,\"name\":\"Strona g\u0142\u00f3wna\",\"item\":\"https:\/\/ksmyszkow.pl\/\"},{\"@type\":\"ListItem\",\"position\":2,\"name\":\"KS Myszk\u00f3w\"}]},{\"@type\":\"WebSite\",\"@id\":\"https:\/\/ksmyszkow.pl\/#website\",\"url\":\"https:\/\/ksmyszkow.pl\/\",\"name\":\"KS - Myszk\u00f3w\",\"description\":\"Klub pi\u0142karski w Myszkowie\",\"potentialAction\":[{\"@type\":\"SearchAction\",\"target\":{\"@type\":\"EntryPoint\",\"urlTemplate\":\"https:\/\/ksmyszkow.pl\/?s={search_term_string}\"},\"query-input\":\"required name=search_term_string\"}],\"inLanguage\":\"pl-PL\"}]}<\/script>\n<!-- \/ Yoast SEO plugin. -->","yoast_head_json":{"title":"KS Myszk\u00f3w - oficjalna strona Klub Sportowy Myszk\u00f3w","description":"Witaj na oficjalnej stronie KS Myszk\u00f3w \u2013 dumy sportowej Myszkowa, z histori\u0105 si\u0119gaj\u0105c\u0105 gry na zapleczu ekstraklasy w latach 90. Odkryj nasz\u0105 pasj\u0119 do pi\u0142ki no\u017cnej, aktualno\u015bci, sukcesy i jak mo\u017cesz do\u0142\u0105czy\u0107 do naszej spo\u0142eczno\u015bci.","robots":{"index":"index","follow":"follow","max-snippet":"max-snippet:-1","max-image-preview":"max-image-preview:large","max-video-preview":"max-video-preview:-1"},"canonical":"https:\/\/ksmyszkow.pl\/","og_locale":"pl_PL","og_type":"article","og_title":"KS Myszk\u00f3w - oficjalna strona Klub Sportowy Myszk\u00f3w","og_description":"Witaj na oficjalnej stronie KS Myszk\u00f3w \u2013 dumy sportowej Myszkowa, z histori\u0105 si\u0119gaj\u0105c\u0105 gry na zapleczu ekstraklasy w latach 90. Odkryj nasz\u0105 pasj\u0119 do pi\u0142ki no\u017cnej, aktualno\u015bci, sukcesy i jak mo\u017cesz do\u0142\u0105czy\u0107 do naszej spo\u0142eczno\u015bci.","og_url":"https:\/\/ksmyszkow.pl\/","og_site_name":"KS - Myszk\u00f3w","article_modified_time":"2024-02-26T07:42:39+00:00","og_image":[{"url":"https:\/\/static.xx.fbcdn.net\/images\/emoji.php\/v9\/tb4\/1\/16\/1f38a.png"}],"twitter_card":"summary_large_image","twitter_misc":{"Szacowany czas czytania":"4 minuty"},"schema":{"@context":"https:\/\/schema.org","@graph":[{"@type":"WebPage","@id":"https:\/\/ksmyszkow.pl\/","url":"https:\/\/ksmyszkow.pl\/","name":"KS Myszk\u00f3w - oficjalna strona Klub Sportowy Myszk\u00f3w","isPartOf":{"@id":"https:\/\/ksmyszkow.pl\/#website"},"datePublished":"2024-01-04T11:23:50+00:00","dateModified":"2024-02-26T07:42:39+00:00","description":"Witaj na oficjalnej stronie KS Myszk\u00f3w \u2013 dumy sportowej Myszkowa, z histori\u0105 si\u0119gaj\u0105c\u0105 gry na zapleczu ekstraklasy w latach 90. Odkryj nasz\u0105 pasj\u0119 do pi\u0142ki no\u017cnej, aktualno\u015bci, sukcesy i jak mo\u017cesz do\u0142\u0105czy\u0107 do naszej spo\u0142eczno\u015bci.","breadcrumb":{"@id":"https:\/\/ksmyszkow.pl\/#breadcrumb"},"inLanguage":"pl-PL","potentialAction":[{"@type":"ReadAction","target":["https:\/\/ksmyszkow.pl\/"]}]},{"@type":"BreadcrumbList","@id":"https:\/\/ksmyszkow.pl\/#breadcrumb","itemListElement":[{"@type":"ListItem","position":1,"name":"Strona g\u0142\u00f3wna","item":"https:\/\/ksmyszkow.pl\/"},{"@type":"ListItem","position":2,"name":"KS Myszk\u00f3w"}]},{"@type":"WebSite","@id":"https:\/\/ksmyszkow.pl\/#website","url":"https:\/\/ksmyszkow.pl\/","name":"KS - Myszk\u00f3w","description":"Klub pi\u0142karski w Myszkowie","potentialAction":[{"@type":"SearchAction","target":{"@type":"EntryPoint","urlTemplate":"https:\/\/ksmyszkow.pl\/?s={search_term_string}"},"query-input":"required name=search_term_string"}],"inLanguage":"pl-PL"}]}},"_links":{"self":[{"href":"https:\/\/ksmyszkow.pl\/index.php\/wp-json\/wp\/v2\/pages\/7","targetHints":{"allow":["GET"]}}],"collection":[{"href":"https:\/\/ksmyszkow.pl\/index.php\/wp-json\/wp\/v2\/pages"}],"about":[{"href":"https:\/\/ksmyszkow.pl\/index.php\/wp-json\/wp\/v2\/types\/page"}],"author":[{"embeddable":true,"href":"https:\/\/ksmyszkow.pl\/index.php\/wp-json\/wp\/v2\/users\/1"}],"replies":[{"embeddable":true,"href":"https:\/\/ksmyszkow.pl\/index.php\/wp-json\/wp\/v2\/comments?post=7"}],"version-history":[{"count":57,"href":"https:\/\/ksmyszkow.pl\/index.php\/wp-json\/wp\/v2\/pages\/7\/revisions"}],"predecessor-version":[{"id":322,"href":"https:\/\/ksmyszkow.pl\/index.php\/wp-json\/wp\/v2\/pages\/7\/revisions\/322"}],"wp:attachment":[{"href":"https:\/\/ksmyszkow.pl\/index.php\/wp-json\/wp\/v2\/media?parent=7"}],"curies":[{"name":"wp","href":"https:\/\/api.w.org\/{rel}","templated":true}]}}