{"id":70,"date":"2024-01-16T07:46:31","date_gmt":"2024-01-16T07:46:31","guid":{"rendered":"https:\/\/ksmyszkow.pl\/?page_id=70"},"modified":"2024-02-21T13:59:17","modified_gmt":"2024-02-21T13:59:17","slug":"akademia","status":"publish","type":"page","link":"https:\/\/ksmyszkow.pl\/index.php\/akademia\/","title":{"rendered":"Akademia"},"content":{"rendered":"\n\n  \n    <div id=\"gallery-1985032443\" class=\"row large-columns-4 medium-columns-3 small-columns-2 row-xsmall row-full-width row-masonry\" data-packery-options='{\"itemSelector\": \".col\", \"gutter\": 0, \"presentageWidth\" : true}'>\n\n          <div class=\"gallery-col col\" >\n          <div class=\"col-inner\">\n            <a class=\"image-lightbox lightbox-gallery\" href=\"https:\/\/ksmyszkow.pl\/wp-content\/uploads\/2024\/01\/420397667_851486426775996_1406966800442070637_n-1024x768.jpg\" title=\"\">            <div class=\"box has-hover gallery-box box-overlay dark\">\n              <div class=\"box-image\" >\n                <img loading=\"lazy\" decoding=\"async\" width=\"300\" height=\"225\" src=\"https:\/\/ksmyszkow.pl\/wp-content\/uploads\/2024\/01\/420397667_851486426775996_1406966800442070637_n-300x225.jpg\" class=\"attachment-medium size-medium\" alt=\"\" ids=\"197,198,199,200,201,202,203,204,205,206,207,208\" type=\"masonry\" col_spacing=\"xsmall\" srcset=\"https:\/\/ksmyszkow.pl\/wp-content\/uploads\/2024\/01\/420397667_851486426775996_1406966800442070637_n-300x225.jpg 300w, https:\/\/ksmyszkow.pl\/wp-content\/uploads\/2024\/01\/420397667_851486426775996_1406966800442070637_n-1024x768.jpg 1024w, https:\/\/ksmyszkow.pl\/wp-content\/uploads\/2024\/01\/420397667_851486426775996_1406966800442070637_n-768x576.jpg 768w, https:\/\/ksmyszkow.pl\/wp-content\/uploads\/2024\/01\/420397667_851486426775996_1406966800442070637_n-1536x1152.jpg 1536w, https:\/\/ksmyszkow.pl\/wp-content\/uploads\/2024\/01\/420397667_851486426775996_1406966800442070637_n.jpg 2048w\" sizes=\"auto, (max-width: 300px) 100vw, 300px\" \/>                                  <div class=\"overlay fill\"\n                      style=\"background-color: rgba(0,0,0,.15)\">\n                  <\/div>\n                                                              <\/div>\n              <div class=\"box-text text-left\" >\n                 <p><\/p>\n              <\/div>\n            <\/div>\n            <\/a>          <\/div>\n         <\/div>\n                 <div class=\"gallery-col col\" >\n          <div class=\"col-inner\">\n            <a class=\"image-lightbox lightbox-gallery\" href=\"https:\/\/ksmyszkow.pl\/wp-content\/uploads\/2024\/01\/401748251_814773290447310_3369025917048404176_n-1024x768.jpg\" title=\"\">            <div class=\"box has-hover gallery-box box-overlay dark\">\n              <div class=\"box-image\" >\n                <img loading=\"lazy\" decoding=\"async\" width=\"300\" height=\"225\" src=\"https:\/\/ksmyszkow.pl\/wp-content\/uploads\/2024\/01\/401748251_814773290447310_3369025917048404176_n-300x225.jpg\" class=\"attachment-medium size-medium\" alt=\"\" ids=\"197,198,199,200,201,202,203,204,205,206,207,208\" type=\"masonry\" col_spacing=\"xsmall\" srcset=\"https:\/\/ksmyszkow.pl\/wp-content\/uploads\/2024\/01\/401748251_814773290447310_3369025917048404176_n-300x225.jpg 300w, https:\/\/ksmyszkow.pl\/wp-content\/uploads\/2024\/01\/401748251_814773290447310_3369025917048404176_n-1024x768.jpg 1024w, https:\/\/ksmyszkow.pl\/wp-content\/uploads\/2024\/01\/401748251_814773290447310_3369025917048404176_n-768x576.jpg 768w, https:\/\/ksmyszkow.pl\/wp-content\/uploads\/2024\/01\/401748251_814773290447310_3369025917048404176_n-1536x1152.jpg 1536w, https:\/\/ksmyszkow.pl\/wp-content\/uploads\/2024\/01\/401748251_814773290447310_3369025917048404176_n.jpg 2048w\" sizes=\"auto, (max-width: 300px) 100vw, 300px\" \/>                                  <div class=\"overlay fill\"\n                      style=\"background-color: rgba(0,0,0,.15)\">\n                  <\/div>\n                                                              <\/div>\n              <div class=\"box-text text-left\" >\n                 <p><\/p>\n              <\/div>\n            <\/div>\n            <\/a>          <\/div>\n         <\/div>\n                 <div class=\"gallery-col col\" >\n          <div class=\"col-inner\">\n            <a class=\"image-lightbox lightbox-gallery\" href=\"https:\/\/ksmyszkow.pl\/wp-content\/uploads\/2024\/01\/409564182_829329875658318_7166474358525361883_n-1024x583.jpg\" title=\"\">            <div class=\"box has-hover gallery-box box-overlay dark\">\n              <div class=\"box-image\" >\n                <img loading=\"lazy\" decoding=\"async\" width=\"300\" height=\"171\" src=\"https:\/\/ksmyszkow.pl\/wp-content\/uploads\/2024\/01\/409564182_829329875658318_7166474358525361883_n-300x171.jpg\" class=\"attachment-medium size-medium\" alt=\"\" ids=\"197,198,199,200,201,202,203,204,205,206,207,208\" type=\"masonry\" col_spacing=\"xsmall\" srcset=\"https:\/\/ksmyszkow.pl\/wp-content\/uploads\/2024\/01\/409564182_829329875658318_7166474358525361883_n-300x171.jpg 300w, https:\/\/ksmyszkow.pl\/wp-content\/uploads\/2024\/01\/409564182_829329875658318_7166474358525361883_n-1024x583.jpg 1024w, https:\/\/ksmyszkow.pl\/wp-content\/uploads\/2024\/01\/409564182_829329875658318_7166474358525361883_n-768x437.jpg 768w, https:\/\/ksmyszkow.pl\/wp-content\/uploads\/2024\/01\/409564182_829329875658318_7166474358525361883_n-1536x875.jpg 1536w, https:\/\/ksmyszkow.pl\/wp-content\/uploads\/2024\/01\/409564182_829329875658318_7166474358525361883_n.jpg 2048w\" sizes=\"auto, (max-width: 300px) 100vw, 300px\" \/>                                  <div class=\"overlay fill\"\n                      style=\"background-color: rgba(0,0,0,.15)\">\n                  <\/div>\n                                                              <\/div>\n              <div class=\"box-text text-left\" >\n                 <p><\/p>\n              <\/div>\n            <\/div>\n            <\/a>          <\/div>\n         <\/div>\n                 <div class=\"gallery-col col\" >\n          <div class=\"col-inner\">\n            <a class=\"image-lightbox lightbox-gallery\" href=\"https:\/\/ksmyszkow.pl\/wp-content\/uploads\/2024\/01\/409726580_830483295542976_8771104611713523912_n.jpg\" title=\"\">            <div class=\"box has-hover gallery-box box-overlay dark\">\n              <div class=\"box-image\" >\n                <img loading=\"lazy\" decoding=\"async\" width=\"300\" height=\"185\" src=\"https:\/\/ksmyszkow.pl\/wp-content\/uploads\/2024\/01\/409726580_830483295542976_8771104611713523912_n-300x185.jpg\" class=\"attachment-medium size-medium\" alt=\"\" ids=\"197,198,199,200,201,202,203,204,205,206,207,208\" type=\"masonry\" col_spacing=\"xsmall\" srcset=\"https:\/\/ksmyszkow.pl\/wp-content\/uploads\/2024\/01\/409726580_830483295542976_8771104611713523912_n-300x185.jpg 300w, https:\/\/ksmyszkow.pl\/wp-content\/uploads\/2024\/01\/409726580_830483295542976_8771104611713523912_n-768x474.jpg 768w, https:\/\/ksmyszkow.pl\/wp-content\/uploads\/2024\/01\/409726580_830483295542976_8771104611713523912_n.jpg 1020w\" sizes=\"auto, (max-width: 300px) 100vw, 300px\" \/>                                  <div class=\"overlay fill\"\n                      style=\"background-color: rgba(0,0,0,.15)\">\n                  <\/div>\n                                                              <\/div>\n              <div class=\"box-text text-left\" >\n                 <p><\/p>\n              <\/div>\n            <\/div>\n            <\/a>          <\/div>\n         <\/div>\n                 <div class=\"gallery-col col\" >\n          <div class=\"col-inner\">\n            <a class=\"image-lightbox lightbox-gallery\" href=\"https:\/\/ksmyszkow.pl\/wp-content\/uploads\/2024\/01\/411029045_832914868633152_631561339882065901_n-1024x768.jpg\" title=\"\">            <div class=\"box has-hover gallery-box box-overlay dark\">\n              <div class=\"box-image\" >\n                <img loading=\"lazy\" decoding=\"async\" width=\"300\" height=\"225\" src=\"https:\/\/ksmyszkow.pl\/wp-content\/uploads\/2024\/01\/411029045_832914868633152_631561339882065901_n-300x225.jpg\" class=\"attachment-medium size-medium\" alt=\"\" ids=\"197,198,199,200,201,202,203,204,205,206,207,208\" type=\"masonry\" col_spacing=\"xsmall\" srcset=\"https:\/\/ksmyszkow.pl\/wp-content\/uploads\/2024\/01\/411029045_832914868633152_631561339882065901_n-300x225.jpg 300w, https:\/\/ksmyszkow.pl\/wp-content\/uploads\/2024\/01\/411029045_832914868633152_631561339882065901_n-1024x768.jpg 1024w, https:\/\/ksmyszkow.pl\/wp-content\/uploads\/2024\/01\/411029045_832914868633152_631561339882065901_n-768x576.jpg 768w, https:\/\/ksmyszkow.pl\/wp-content\/uploads\/2024\/01\/411029045_832914868633152_631561339882065901_n-1536x1152.jpg 1536w, https:\/\/ksmyszkow.pl\/wp-content\/uploads\/2024\/01\/411029045_832914868633152_631561339882065901_n.jpg 2048w\" sizes=\"auto, (max-width: 300px) 100vw, 300px\" \/>                                  <div class=\"overlay fill\"\n                      style=\"background-color: rgba(0,0,0,.15)\">\n                  <\/div>\n                                                              <\/div>\n              <div class=\"box-text text-left\" >\n                 <p><\/p>\n              <\/div>\n            <\/div>\n            <\/a>          <\/div>\n         <\/div>\n                 <div class=\"gallery-col col\" >\n          <div class=\"col-inner\">\n            <a class=\"image-lightbox lightbox-gallery\" href=\"https:\/\/ksmyszkow.pl\/wp-content\/uploads\/2024\/01\/412265817_835758381682134_876950098157614425_n-1024x616.jpg\" title=\"\">            <div class=\"box has-hover gallery-box box-overlay dark\">\n              <div class=\"box-image\" >\n                <img loading=\"lazy\" decoding=\"async\" width=\"300\" height=\"180\" src=\"https:\/\/ksmyszkow.pl\/wp-content\/uploads\/2024\/01\/412265817_835758381682134_876950098157614425_n-300x180.jpg\" class=\"attachment-medium size-medium\" alt=\"\" ids=\"197,198,199,200,201,202,203,204,205,206,207,208\" type=\"masonry\" col_spacing=\"xsmall\" srcset=\"https:\/\/ksmyszkow.pl\/wp-content\/uploads\/2024\/01\/412265817_835758381682134_876950098157614425_n-300x180.jpg 300w, https:\/\/ksmyszkow.pl\/wp-content\/uploads\/2024\/01\/412265817_835758381682134_876950098157614425_n-1024x616.jpg 1024w, https:\/\/ksmyszkow.pl\/wp-content\/uploads\/2024\/01\/412265817_835758381682134_876950098157614425_n-768x462.jpg 768w, https:\/\/ksmyszkow.pl\/wp-content\/uploads\/2024\/01\/412265817_835758381682134_876950098157614425_n-1536x924.jpg 1536w, https:\/\/ksmyszkow.pl\/wp-content\/uploads\/2024\/01\/412265817_835758381682134_876950098157614425_n.jpg 1992w\" sizes=\"auto, (max-width: 300px) 100vw, 300px\" \/>                                  <div class=\"overlay fill\"\n                      style=\"background-color: rgba(0,0,0,.15)\">\n                  <\/div>\n                                                              <\/div>\n              <div class=\"box-text text-left\" >\n                 <p><\/p>\n              <\/div>\n            <\/div>\n            <\/a>          <\/div>\n         <\/div>\n                 <div class=\"gallery-col col\" >\n          <div class=\"col-inner\">\n            <a class=\"image-lightbox lightbox-gallery\" href=\"https:\/\/ksmyszkow.pl\/wp-content\/uploads\/2024\/01\/412830145_835758268348812_6725564729839799001_n-1024x527.jpg\" title=\"\">            <div class=\"box has-hover gallery-box box-overlay dark\">\n              <div class=\"box-image\" >\n                <img loading=\"lazy\" decoding=\"async\" width=\"300\" height=\"154\" src=\"https:\/\/ksmyszkow.pl\/wp-content\/uploads\/2024\/01\/412830145_835758268348812_6725564729839799001_n-300x154.jpg\" class=\"attachment-medium size-medium\" alt=\"\" ids=\"197,198,199,200,201,202,203,204,205,206,207,208\" type=\"masonry\" col_spacing=\"xsmall\" srcset=\"https:\/\/ksmyszkow.pl\/wp-content\/uploads\/2024\/01\/412830145_835758268348812_6725564729839799001_n-300x154.jpg 300w, https:\/\/ksmyszkow.pl\/wp-content\/uploads\/2024\/01\/412830145_835758268348812_6725564729839799001_n-1024x527.jpg 1024w, https:\/\/ksmyszkow.pl\/wp-content\/uploads\/2024\/01\/412830145_835758268348812_6725564729839799001_n-768x395.jpg 768w, https:\/\/ksmyszkow.pl\/wp-content\/uploads\/2024\/01\/412830145_835758268348812_6725564729839799001_n.jpg 1520w\" sizes=\"auto, (max-width: 300px) 100vw, 300px\" \/>                                  <div class=\"overlay fill\"\n                      style=\"background-color: rgba(0,0,0,.15)\">\n                  <\/div>\n                                                              <\/div>\n              <div class=\"box-text text-left\" >\n                 <p><\/p>\n              <\/div>\n            <\/div>\n            <\/a>          <\/div>\n         <\/div>\n                 <div class=\"gallery-col col\" >\n          <div class=\"col-inner\">\n            <a class=\"image-lightbox lightbox-gallery\" href=\"https:\/\/ksmyszkow.pl\/wp-content\/uploads\/2024\/01\/418845542_850298603561445_8984163741686163083_n-1024x461.jpg\" title=\"\">            <div class=\"box has-hover gallery-box box-overlay dark\">\n              <div class=\"box-image\" >\n                <img loading=\"lazy\" decoding=\"async\" width=\"300\" height=\"135\" src=\"https:\/\/ksmyszkow.pl\/wp-content\/uploads\/2024\/01\/418845542_850298603561445_8984163741686163083_n-300x135.jpg\" class=\"attachment-medium size-medium\" alt=\"\" ids=\"197,198,199,200,201,202,203,204,205,206,207,208\" type=\"masonry\" col_spacing=\"xsmall\" srcset=\"https:\/\/ksmyszkow.pl\/wp-content\/uploads\/2024\/01\/418845542_850298603561445_8984163741686163083_n-300x135.jpg 300w, https:\/\/ksmyszkow.pl\/wp-content\/uploads\/2024\/01\/418845542_850298603561445_8984163741686163083_n-1024x461.jpg 1024w, https:\/\/ksmyszkow.pl\/wp-content\/uploads\/2024\/01\/418845542_850298603561445_8984163741686163083_n-768x346.jpg 768w, https:\/\/ksmyszkow.pl\/wp-content\/uploads\/2024\/01\/418845542_850298603561445_8984163741686163083_n.jpg 1422w\" sizes=\"auto, (max-width: 300px) 100vw, 300px\" \/>                                  <div class=\"overlay fill\"\n                      style=\"background-color: rgba(0,0,0,.15)\">\n                  <\/div>\n                                                              <\/div>\n              <div class=\"box-text text-left\" >\n                 <p><\/p>\n              <\/div>\n            <\/div>\n            <\/a>          <\/div>\n         <\/div>\n                 <div class=\"gallery-col col\" >\n          <div class=\"col-inner\">\n            <a class=\"image-lightbox lightbox-gallery\" href=\"https:\/\/ksmyszkow.pl\/wp-content\/uploads\/2024\/01\/419108816_849695520288420_3725467926637013882_n-1024x886.jpg\" title=\"\">            <div class=\"box has-hover gallery-box box-overlay dark\">\n              <div class=\"box-image\" >\n                <img loading=\"lazy\" decoding=\"async\" width=\"300\" height=\"260\" src=\"https:\/\/ksmyszkow.pl\/wp-content\/uploads\/2024\/01\/419108816_849695520288420_3725467926637013882_n-300x260.jpg\" class=\"attachment-medium size-medium\" alt=\"\" ids=\"197,198,199,200,201,202,203,204,205,206,207,208\" type=\"masonry\" col_spacing=\"xsmall\" srcset=\"https:\/\/ksmyszkow.pl\/wp-content\/uploads\/2024\/01\/419108816_849695520288420_3725467926637013882_n-300x260.jpg 300w, https:\/\/ksmyszkow.pl\/wp-content\/uploads\/2024\/01\/419108816_849695520288420_3725467926637013882_n-1024x886.jpg 1024w, https:\/\/ksmyszkow.pl\/wp-content\/uploads\/2024\/01\/419108816_849695520288420_3725467926637013882_n-768x665.jpg 768w, https:\/\/ksmyszkow.pl\/wp-content\/uploads\/2024\/01\/419108816_849695520288420_3725467926637013882_n-1536x1329.jpg 1536w, https:\/\/ksmyszkow.pl\/wp-content\/uploads\/2024\/01\/419108816_849695520288420_3725467926637013882_n.jpg 2048w\" sizes=\"auto, (max-width: 300px) 100vw, 300px\" \/>                                  <div class=\"overlay fill\"\n                      style=\"background-color: rgba(0,0,0,.15)\">\n                  <\/div>\n                                                              <\/div>\n              <div class=\"box-text text-left\" >\n                 <p><\/p>\n              <\/div>\n            <\/div>\n            <\/a>          <\/div>\n         <\/div>\n                 <div class=\"gallery-col col\" >\n          <div class=\"col-inner\">\n            <a class=\"image-lightbox lightbox-gallery\" href=\"https:\/\/ksmyszkow.pl\/wp-content\/uploads\/2024\/01\/419213092_849695156955123_3759817187733413669_n.jpg\" title=\"\">            <div class=\"box has-hover gallery-box box-overlay dark\">\n              <div class=\"box-image\" >\n                <img loading=\"lazy\" decoding=\"async\" width=\"225\" height=\"300\" src=\"https:\/\/ksmyszkow.pl\/wp-content\/uploads\/2024\/01\/419213092_849695156955123_3759817187733413669_n-225x300.jpg\" class=\"attachment-medium size-medium\" alt=\"\" ids=\"197,198,199,200,201,202,203,204,205,206,207,208\" type=\"masonry\" col_spacing=\"xsmall\" srcset=\"https:\/\/ksmyszkow.pl\/wp-content\/uploads\/2024\/01\/419213092_849695156955123_3759817187733413669_n-225x300.jpg 225w, https:\/\/ksmyszkow.pl\/wp-content\/uploads\/2024\/01\/419213092_849695156955123_3759817187733413669_n.jpg 720w\" sizes=\"auto, (max-width: 225px) 100vw, 225px\" \/>                                  <div class=\"overlay fill\"\n                      style=\"background-color: rgba(0,0,0,.15)\">\n                  <\/div>\n                                                              <\/div>\n              <div class=\"box-text text-left\" >\n                 <p><\/p>\n              <\/div>\n            <\/div>\n            <\/a>          <\/div>\n         <\/div>\n                 <div class=\"gallery-col col\" >\n          <div class=\"col-inner\">\n            <a class=\"image-lightbox lightbox-gallery\" href=\"https:\/\/ksmyszkow.pl\/wp-content\/uploads\/2024\/01\/419734215_849695403621765_4352203657194872040_n-1024x768.jpg\" title=\"\">            <div class=\"box has-hover gallery-box box-overlay dark\">\n              <div class=\"box-image\" >\n                <img loading=\"lazy\" decoding=\"async\" width=\"300\" height=\"225\" src=\"https:\/\/ksmyszkow.pl\/wp-content\/uploads\/2024\/01\/419734215_849695403621765_4352203657194872040_n-300x225.jpg\" class=\"attachment-medium size-medium\" alt=\"\" ids=\"197,198,199,200,201,202,203,204,205,206,207,208\" type=\"masonry\" col_spacing=\"xsmall\" srcset=\"https:\/\/ksmyszkow.pl\/wp-content\/uploads\/2024\/01\/419734215_849695403621765_4352203657194872040_n-300x225.jpg 300w, https:\/\/ksmyszkow.pl\/wp-content\/uploads\/2024\/01\/419734215_849695403621765_4352203657194872040_n-1024x768.jpg 1024w, https:\/\/ksmyszkow.pl\/wp-content\/uploads\/2024\/01\/419734215_849695403621765_4352203657194872040_n-768x576.jpg 768w, https:\/\/ksmyszkow.pl\/wp-content\/uploads\/2024\/01\/419734215_849695403621765_4352203657194872040_n-1536x1152.jpg 1536w, https:\/\/ksmyszkow.pl\/wp-content\/uploads\/2024\/01\/419734215_849695403621765_4352203657194872040_n.jpg 2048w\" sizes=\"auto, (max-width: 300px) 100vw, 300px\" \/>                                  <div class=\"overlay fill\"\n                      style=\"background-color: rgba(0,0,0,.15)\">\n                  <\/div>\n                                                              <\/div>\n              <div class=\"box-text text-left\" >\n                 <p><\/p>\n              <\/div>\n            <\/div>\n            <\/a>          <\/div>\n         <\/div>\n                 <div class=\"gallery-col col\" >\n          <div class=\"col-inner\">\n            <a class=\"image-lightbox lightbox-gallery\" href=\"https:\/\/ksmyszkow.pl\/wp-content\/uploads\/2024\/01\/420143291_851486450109327_6639790022925869565_n-1024x768.jpg\" title=\"\">            <div class=\"box has-hover gallery-box box-overlay dark\">\n              <div class=\"box-image\" >\n                <img loading=\"lazy\" decoding=\"async\" width=\"300\" height=\"225\" src=\"https:\/\/ksmyszkow.pl\/wp-content\/uploads\/2024\/01\/420143291_851486450109327_6639790022925869565_n-300x225.jpg\" class=\"attachment-medium size-medium\" alt=\"\" ids=\"197,198,199,200,201,202,203,204,205,206,207,208\" type=\"masonry\" col_spacing=\"xsmall\" srcset=\"https:\/\/ksmyszkow.pl\/wp-content\/uploads\/2024\/01\/420143291_851486450109327_6639790022925869565_n-300x225.jpg 300w, https:\/\/ksmyszkow.pl\/wp-content\/uploads\/2024\/01\/420143291_851486450109327_6639790022925869565_n-1024x768.jpg 1024w, https:\/\/ksmyszkow.pl\/wp-content\/uploads\/2024\/01\/420143291_851486450109327_6639790022925869565_n-768x576.jpg 768w, https:\/\/ksmyszkow.pl\/wp-content\/uploads\/2024\/01\/420143291_851486450109327_6639790022925869565_n-1536x1152.jpg 1536w, https:\/\/ksmyszkow.pl\/wp-content\/uploads\/2024\/01\/420143291_851486450109327_6639790022925869565_n.jpg 2048w\" sizes=\"auto, (max-width: 300px) 100vw, 300px\" \/>                                  <div class=\"overlay fill\"\n                      style=\"background-color: rgba(0,0,0,.15)\">\n                  <\/div>\n                                                              <\/div>\n              <div class=\"box-text text-left\" >\n                 <p><\/p>\n              <\/div>\n            <\/div>\n            <\/a>          <\/div>\n         <\/div>\n         <\/div>\n\n<p>\u0179r\u00f3d\u0142o: <a href=\"https:\/\/www.facebook.com\/people\/Myszkowski-Klub-Sportowy-MKS-Myszk%C3%B3w\/100057439398563\/\" style=\"color:lightblue;\">Oficjalna strona na Facebook&#8217;u<\/a><\/p>\n\n","protected":false},"excerpt":{"rendered":"","protected":false},"author":1,"featured_media":0,"parent":0,"menu_order":0,"comment_status":"closed","ping_status":"closed","template":"","meta":{"footnotes":""},"class_list":["post-70","page","type-page","status-publish","hentry"],"yoast_head":"<!-- This site is optimized with the Yoast SEO plugin v21.8 - https:\/\/yoast.com\/wordpress\/plugins\/seo\/ -->\n<title>Akademia - KS - Myszk\u00f3w<\/title>\n<meta name=\"robots\" content=\"index, follow, max-snippet:-1, max-image-preview:large, max-video-preview:-1\" \/>\n<link rel=\"canonical\" href=\"https:\/\/ksmyszkow.pl\/index.php\/akademia\/\" \/>\n<meta property=\"og:locale\" content=\"pl_PL\" \/>\n<meta property=\"og:type\" content=\"article\" \/>\n<meta property=\"og:title\" content=\"Akademia - KS - Myszk\u00f3w\" \/>\n<meta property=\"og:url\" content=\"https:\/\/ksmyszkow.pl\/index.php\/akademia\/\" \/>\n<meta property=\"og:site_name\" content=\"KS - Myszk\u00f3w\" \/>\n<meta property=\"article:modified_time\" content=\"2024-02-21T13:59:17+00:00\" \/>\n<meta name=\"twitter:card\" content=\"summary_large_image\" \/>\n<script type=\"application\/ld+json\" class=\"yoast-schema-graph\">{\"@context\":\"https:\/\/schema.org\",\"@graph\":[{\"@type\":\"WebPage\",\"@id\":\"https:\/\/ksmyszkow.pl\/index.php\/akademia\/\",\"url\":\"https:\/\/ksmyszkow.pl\/index.php\/akademia\/\",\"name\":\"Akademia - KS - Myszk\u00f3w\",\"isPartOf\":{\"@id\":\"https:\/\/ksmyszkow.pl\/#website\"},\"datePublished\":\"2024-01-16T07:46:31+00:00\",\"dateModified\":\"2024-02-21T13:59:17+00:00\",\"breadcrumb\":{\"@id\":\"https:\/\/ksmyszkow.pl\/index.php\/akademia\/#breadcrumb\"},\"inLanguage\":\"pl-PL\",\"potentialAction\":[{\"@type\":\"ReadAction\",\"target\":[\"https:\/\/ksmyszkow.pl\/index.php\/akademia\/\"]}]},{\"@type\":\"BreadcrumbList\",\"@id\":\"https:\/\/ksmyszkow.pl\/index.php\/akademia\/#breadcrumb\",\"itemListElement\":[{\"@type\":\"ListItem\",\"position\":1,\"name\":\"Strona g\u0142\u00f3wna\",\"item\":\"https:\/\/ksmyszkow.pl\/\"},{\"@type\":\"ListItem\",\"position\":2,\"name\":\"Akademia\"}]},{\"@type\":\"WebSite\",\"@id\":\"https:\/\/ksmyszkow.pl\/#website\",\"url\":\"https:\/\/ksmyszkow.pl\/\",\"name\":\"KS - Myszk\u00f3w\",\"description\":\"Klub pi\u0142karski w Myszkowie\",\"potentialAction\":[{\"@type\":\"SearchAction\",\"target\":{\"@type\":\"EntryPoint\",\"urlTemplate\":\"https:\/\/ksmyszkow.pl\/?s={search_term_string}\"},\"query-input\":\"required name=search_term_string\"}],\"inLanguage\":\"pl-PL\"}]}<\/script>\n<!-- \/ Yoast SEO plugin. -->","yoast_head_json":{"title":"Akademia - KS - Myszk\u00f3w","robots":{"index":"index","follow":"follow","max-snippet":"max-snippet:-1","max-image-preview":"max-image-preview:large","max-video-preview":"max-video-preview:-1"},"canonical":"https:\/\/ksmyszkow.pl\/index.php\/akademia\/","og_locale":"pl_PL","og_type":"article","og_title":"Akademia - KS - Myszk\u00f3w","og_url":"https:\/\/ksmyszkow.pl\/index.php\/akademia\/","og_site_name":"KS - Myszk\u00f3w","article_modified_time":"2024-02-21T13:59:17+00:00","twitter_card":"summary_large_image","schema":{"@context":"https:\/\/schema.org","@graph":[{"@type":"WebPage","@id":"https:\/\/ksmyszkow.pl\/index.php\/akademia\/","url":"https:\/\/ksmyszkow.pl\/index.php\/akademia\/","name":"Akademia - KS - Myszk\u00f3w","isPartOf":{"@id":"https:\/\/ksmyszkow.pl\/#website"},"datePublished":"2024-01-16T07:46:31+00:00","dateModified":"2024-02-21T13:59:17+00:00","breadcrumb":{"@id":"https:\/\/ksmyszkow.pl\/index.php\/akademia\/#breadcrumb"},"inLanguage":"pl-PL","potentialAction":[{"@type":"ReadAction","target":["https:\/\/ksmyszkow.pl\/index.php\/akademia\/"]}]},{"@type":"BreadcrumbList","@id":"https:\/\/ksmyszkow.pl\/index.php\/akademia\/#breadcrumb","itemListElement":[{"@type":"ListItem","position":1,"name":"Strona g\u0142\u00f3wna","item":"https:\/\/ksmyszkow.pl\/"},{"@type":"ListItem","position":2,"name":"Akademia"}]},{"@type":"WebSite","@id":"https:\/\/ksmyszkow.pl\/#website","url":"https:\/\/ksmyszkow.pl\/","name":"KS - Myszk\u00f3w","description":"Klub pi\u0142karski w Myszkowie","potentialAction":[{"@type":"SearchAction","target":{"@type":"EntryPoint","urlTemplate":"https:\/\/ksmyszkow.pl\/?s={search_term_string}"},"query-input":"required name=search_term_string"}],"inLanguage":"pl-PL"}]}},"_links":{"self":[{"href":"https:\/\/ksmyszkow.pl\/index.php\/wp-json\/wp\/v2\/pages\/70","targetHints":{"allow":["GET"]}}],"collection":[{"href":"https:\/\/ksmyszkow.pl\/index.php\/wp-json\/wp\/v2\/pages"}],"about":[{"href":"https:\/\/ksmyszkow.pl\/index.php\/wp-json\/wp\/v2\/types\/page"}],"author":[{"embeddable":true,"href":"https:\/\/ksmyszkow.pl\/index.php\/wp-json\/wp\/v2\/users\/1"}],"replies":[{"embeddable":true,"href":"https:\/\/ksmyszkow.pl\/index.php\/wp-json\/wp\/v2\/comments?post=70"}],"version-history":[{"count":4,"href":"https:\/\/ksmyszkow.pl\/index.php\/wp-json\/wp\/v2\/pages\/70\/revisions"}],"predecessor-version":[{"id":323,"href":"https:\/\/ksmyszkow.pl\/index.php\/wp-json\/wp\/v2\/pages\/70\/revisions\/323"}],"wp:attachment":[{"href":"https:\/\/ksmyszkow.pl\/index.php\/wp-json\/wp\/v2\/media?parent=70"}],"curies":[{"name":"wp","href":"https:\/\/api.w.org\/{rel}","templated":true}]}}